{"id":738,"date":"2024-04-01T17:01:16","date_gmt":"2024-04-01T17:01:16","guid":{"rendered":"https:\/\/academiasnash.com\/?page_id=738"},"modified":"2024-04-04T12:11:34","modified_gmt":"2024-04-04T12:11:34","slug":"sevilla-facultad-de-ciencias","status":"publish","type":"page","link":"https:\/\/academiasnash.com\/?page_id=738","title":{"rendered":"Sevilla &#8211; Facultad de Ciencias"},"content":{"rendered":"\n<div class=\"wp-block-group alignfull\"><div class=\"wp-block-group__inner-container is-layout-flow wp-block-group-is-layout-flow\">\n<p class=\"has-medium-font-size\"><strong>Haga clic en su curso para obtener m\u00e1s informaci\u00f3n sobre la programaci\u00f3n y las opciones disponibles.<\/strong><\/p>\n\n\n\n<ul class=\"wp-block-list\">\n<li class=\"has-medium-font-size\"><a href=\"https:\/\/academiasnash.com\/?page_id=926\" data-type=\"page\" data-id=\"219\">Biologia<\/a><\/li>\n\n\n\n<li class=\"has-medium-font-size\"><a href=\"https:\/\/academiasnash.com\/?page_id=928\" data-type=\"page\" data-id=\"213\">Bioquimica<\/a><\/li>\n\n\n\n<li class=\"has-medium-font-size\"><a href=\"https:\/\/academiasnash.com\/?page_id=932\" data-type=\"page\" data-id=\"243\">Ingenieria Agricola y Ciencias Ambientales<\/a><\/li>\n\n\n\n<li class=\"has-medium-font-size\"><a href=\"https:\/\/academiasnash.com\/?page_id=930\" data-type=\"page\" data-id=\"213\">Quimica<\/a><\/li>\n<\/ul>\n\n\n\n<p>Need some text here<\/p>\n<\/div><\/div>\n","protected":false},"excerpt":{"rendered":"<p>Haga clic en su curso para obtener m\u00e1s informaci\u00f3n sobre la programaci\u00f3n y las opciones disponibles. Need some text here<\/p>\n","protected":false},"author":1,"featured_media":71,"parent":722,"menu_order":0,"comment_status":"closed","ping_status":"closed","template":"","meta":{"footnotes":""},"class_list":["post-738","page","type-page","status-publish","has-post-thumbnail"],"_links":{"self":[{"href":"https:\/\/academiasnash.com\/index.php?rest_route=\/wp\/v2\/pages\/738","targetHints":{"allow":["GET"]}}],"collection":[{"href":"https:\/\/academiasnash.com\/index.php?rest_route=\/wp\/v2\/pages"}],"about":[{"href":"https:\/\/academiasnash.com\/index.php?rest_route=\/wp\/v2\/types\/page"}],"author":[{"embeddable":true,"href":"https:\/\/academiasnash.com\/index.php?rest_route=\/wp\/v2\/users\/1"}],"replies":[{"embeddable":true,"href":"https:\/\/academiasnash.com\/index.php?rest_route=%2Fwp%2Fv2%2Fcomments&post=738"}],"version-history":[{"count":5,"href":"https:\/\/academiasnash.com\/index.php?rest_route=\/wp\/v2\/pages\/738\/revisions"}],"predecessor-version":[{"id":947,"href":"https:\/\/academiasnash.com\/index.php?rest_route=\/wp\/v2\/pages\/738\/revisions\/947"}],"up":[{"embeddable":true,"href":"https:\/\/academiasnash.com\/index.php?rest_route=\/wp\/v2\/pages\/722"}],"wp:featuredmedia":[{"embeddable":true,"href":"https:\/\/academiasnash.com\/index.php?rest_route=\/wp\/v2\/media\/71"}],"wp:attachment":[{"href":"https:\/\/academiasnash.com\/index.php?rest_route=%2Fwp%2Fv2%2Fmedia&parent=738"}],"curies":[{"name":"wp","href":"https:\/\/api.w.org\/{rel}","templated":true}]}}