{"id":722,"date":"2024-04-01T16:45:27","date_gmt":"2024-04-01T16:45:27","guid":{"rendered":"https:\/\/academiasnash.com\/?page_id=722"},"modified":"2024-04-04T11:56:44","modified_gmt":"2024-04-04T11:56:44","slug":"sevilla-2","status":"publish","type":"page","link":"https:\/\/academiasnash.com\/?page_id=722","title":{"rendered":"Sevilla"},"content":{"rendered":"\n<div class=\"wp-block-group alignfull\"><div class=\"wp-block-group__inner-container is-layout-flow wp-block-group-is-layout-flow\">\n<p class=\"has-medium-font-size\"><strong>Haga clic en el nombre de su universidad a continuaci\u00f3n para obtener m\u00e1s informaci\u00f3n sobre los cursos disponibles para ayudarlo con sus estudios:<\/strong><\/p>\n\n\n\n<ul class=\"wp-block-list\">\n<li class=\"has-medium-font-size\"><a href=\"https:\/\/academiasnash.com\/?page_id=734\" data-type=\"page\" data-id=\"734\">Facultad de Ciencias del Trabajo<\/a> <\/li>\n\n\n\n<li class=\"has-medium-font-size\"><a href=\"https:\/\/academiasnash.com\/?page_id=738\" data-type=\"page\" data-id=\"738\">Facultad de Ciencias<\/a> <\/li>\n\n\n\n<li class=\"has-medium-font-size\"><a href=\"https:\/\/academiasnash.com\/?page_id=741\" data-type=\"page\" data-id=\"741\">Facultad de Derecho<\/a> <\/li>\n\n\n\n<li class=\"has-medium-font-size\"><a href=\"https:\/\/academiasnash.com\/?page_id=731\" data-type=\"page\" data-id=\"731\">Facultad de Economicas<\/a><\/li>\n\n\n\n<li class=\"has-medium-font-size\"><a href=\"https:\/\/academiasnash.com\/?page_id=744\" data-type=\"page\" data-id=\"744\">Facultad de Enfermeria, Fisioterapia y Podologia<\/a> <\/li>\n\n\n\n<li class=\"has-medium-font-size\"><a href=\"https:\/\/academiasnash.com\/?page_id=747\" data-type=\"page\" data-id=\"747\">Facultad de Farmacia<\/a> <\/li>\n\n\n\n<li class=\"has-medium-font-size\"><a href=\"https:\/\/academiasnash.com\/?page_id=750\" data-type=\"page\" data-id=\"750\">Facultad de Odontologia<\/a> <\/li>\n\n\n\n<li class=\"has-medium-font-size\"><a href=\"https:\/\/academiasnash.com\/?page_id=753\" data-type=\"page\" data-id=\"753\">Facultad de Turismo y Finanzas<\/a><\/li>\n<\/ul>\n<\/div><\/div>\n","protected":false},"excerpt":{"rendered":"<p>Haga clic en el nombre de su universidad a continuaci\u00f3n para obtener m\u00e1s informaci\u00f3n sobre los cursos disponibles para ayudarlo con sus estudios:<\/p>\n","protected":false},"author":1,"featured_media":729,"parent":22,"menu_order":0,"comment_status":"closed","ping_status":"closed","template":"","meta":{"footnotes":""},"class_list":["post-722","page","type-page","status-publish","has-post-thumbnail"],"_links":{"self":[{"href":"https:\/\/academiasnash.com\/index.php?rest_route=\/wp\/v2\/pages\/722","targetHints":{"allow":["GET"]}}],"collection":[{"href":"https:\/\/academiasnash.com\/index.php?rest_route=\/wp\/v2\/pages"}],"about":[{"href":"https:\/\/academiasnash.com\/index.php?rest_route=\/wp\/v2\/types\/page"}],"author":[{"embeddable":true,"href":"https:\/\/academiasnash.com\/index.php?rest_route=\/wp\/v2\/users\/1"}],"replies":[{"embeddable":true,"href":"https:\/\/academiasnash.com\/index.php?rest_route=%2Fwp%2Fv2%2Fcomments&post=722"}],"version-history":[{"count":11,"href":"https:\/\/academiasnash.com\/index.php?rest_route=\/wp\/v2\/pages\/722\/revisions"}],"predecessor-version":[{"id":919,"href":"https:\/\/academiasnash.com\/index.php?rest_route=\/wp\/v2\/pages\/722\/revisions\/919"}],"up":[{"embeddable":true,"href":"https:\/\/academiasnash.com\/index.php?rest_route=\/wp\/v2\/pages\/22"}],"wp:featuredmedia":[{"embeddable":true,"href":"https:\/\/academiasnash.com\/index.php?rest_route=\/wp\/v2\/media\/729"}],"wp:attachment":[{"href":"https:\/\/academiasnash.com\/index.php?rest_route=%2Fwp%2Fv2%2Fmedia&parent=722"}],"curies":[{"name":"wp","href":"https:\/\/api.w.org\/{rel}","templated":true}]}}