{"id":512,"date":"2024-03-31T20:20:40","date_gmt":"2024-03-31T20:20:40","guid":{"rendered":"https:\/\/academiasnash.com\/?page_id=512"},"modified":"2024-03-31T20:36:44","modified_gmt":"2024-03-31T20:36:44","slug":"granada-1","status":"publish","type":"page","link":"https:\/\/academiasnash.com\/?page_id=512","title":{"rendered":"Granada"},"content":{"rendered":"\n<div class=\"wp-block-group alignfull\"><div class=\"wp-block-group__inner-container is-layout-flow wp-block-group-is-layout-flow\">\n<p class=\"has-medium-font-size\"><strong>Haga clic en el nombre de su universidad a continuaci\u00f3n para obtener m\u00e1s informaci\u00f3n sobre los cursos disponibles para ayudarlo con sus estudios:<\/strong><\/p>\n\n\n\n<ul class=\"wp-block-list\">\n<li class=\"has-medium-font-size\"><a href=\"https:\/\/academiasnash.com\/?page_id=463\" data-type=\"page\" data-id=\"500\">Facultad de Ciencias<\/a><\/li>\n\n\n\n<li class=\"has-medium-font-size\"><a href=\"https:\/\/academiasnash.com\/?page_id=465\" data-type=\"page\" data-id=\"310\">Facultad de Ciencias de la Salud<\/a><\/li>\n\n\n\n<li class=\"has-medium-font-size\"><a href=\"https:\/\/academiasnash.com\/?page_id=471\" data-type=\"page\" data-id=\"471\">Facultad de Ciencias Sociales y Jur\u00eddicas<\/a><\/li>\n\n\n\n<li class=\"has-medium-font-size\"><a href=\"https:\/\/academiasnash.com\/?page_id=467\" data-type=\"page\" data-id=\"467\">Facultad de Economicas<\/a><\/li>\n<\/ul>\n<\/div><\/div>\n","protected":false},"excerpt":{"rendered":"<p>Haga clic en el nombre de su universidad a continuaci\u00f3n para obtener m\u00e1s informaci\u00f3n sobre los cursos disponibles para ayudarlo con sus estudios:<\/p>\n","protected":false},"author":1,"featured_media":62,"parent":22,"menu_order":0,"comment_status":"closed","ping_status":"closed","template":"","meta":{"footnotes":""},"class_list":["post-512","page","type-page","status-publish","has-post-thumbnail"],"_links":{"self":[{"href":"https:\/\/academiasnash.com\/index.php?rest_route=\/wp\/v2\/pages\/512","targetHints":{"allow":["GET"]}}],"collection":[{"href":"https:\/\/academiasnash.com\/index.php?rest_route=\/wp\/v2\/pages"}],"about":[{"href":"https:\/\/academiasnash.com\/index.php?rest_route=\/wp\/v2\/types\/page"}],"author":[{"embeddable":true,"href":"https:\/\/academiasnash.com\/index.php?rest_route=\/wp\/v2\/users\/1"}],"replies":[{"embeddable":true,"href":"https:\/\/academiasnash.com\/index.php?rest_route=%2Fwp%2Fv2%2Fcomments&post=512"}],"version-history":[{"count":7,"href":"https:\/\/academiasnash.com\/index.php?rest_route=\/wp\/v2\/pages\/512\/revisions"}],"predecessor-version":[{"id":530,"href":"https:\/\/academiasnash.com\/index.php?rest_route=\/wp\/v2\/pages\/512\/revisions\/530"}],"up":[{"embeddable":true,"href":"https:\/\/academiasnash.com\/index.php?rest_route=\/wp\/v2\/pages\/22"}],"wp:featuredmedia":[{"embeddable":true,"href":"https:\/\/academiasnash.com\/index.php?rest_route=\/wp\/v2\/media\/62"}],"wp:attachment":[{"href":"https:\/\/academiasnash.com\/index.php?rest_route=%2Fwp%2Fv2%2Fmedia&parent=512"}],"curies":[{"name":"wp","href":"https:\/\/api.w.org\/{rel}","templated":true}]}}