{"id":467,"date":"2024-03-31T19:52:51","date_gmt":"2024-03-31T19:52:51","guid":{"rendered":"https:\/\/academiasnash.com\/?page_id=467"},"modified":"2024-04-28T11:59:18","modified_gmt":"2024-04-28T11:59:18","slug":"facultad-de-economicas","status":"publish","type":"page","link":"https:\/\/academiasnash.com\/?page_id=467","title":{"rendered":"Granada &#8211; Facultad de Economicas"},"content":{"rendered":"\n<div class=\"wp-block-group alignfull\"><div class=\"wp-block-group__inner-container is-layout-flow wp-block-group-is-layout-flow\">\n<p class=\"has-medium-font-size\"><strong>Haga clic en su curso para obtener m\u00e1s informaci\u00f3n sobre la programaci\u00f3n y las opciones disponibles.<\/strong><\/p>\n\n\n\n<p class=\"has-medium-font-size\"><strong>Todo los nuevos cursos empiezan el 29 abril 2024<\/strong><\/p>\n\n\n\n<ul class=\"wp-block-list\">\n<li class=\"has-medium-font-size\"><a href=\"https:\/\/academiasnash.com\/?page_id=620\" data-type=\"page\" data-id=\"219\">ADE<\/a><\/li>\n\n\n\n<li class=\"has-medium-font-size\"><a href=\"https:\/\/academiasnash.com\/?page_id=622\" data-type=\"page\" data-id=\"213\">ADE y Derecho <\/a><\/li>\n\n\n\n<li class=\"has-medium-font-size\"><a href=\"https:\/\/academiasnash.com\/?page_id=625\" data-type=\"page\" data-id=\"243\">Economia<\/a><\/li>\n\n\n\n<li class=\"has-medium-font-size\"><a href=\"https:\/\/academiasnash.com\/?page_id=627\" data-type=\"page\" data-id=\"213\">Edificacion y ADE<\/a><\/li>\n\n\n\n<li class=\"has-medium-font-size\"><a href=\"https:\/\/academiasnash.com\/?page_id=618\" data-type=\"page\" data-id=\"618\">FICO <\/a><\/li>\n\n\n\n<li class=\"has-medium-font-size\"><a href=\"https:\/\/academiasnash.com\/?page_id=629\" data-type=\"page\" data-id=\"629\">Ingeneria Civil y ADE<\/a><\/li>\n\n\n\n<li class=\"has-medium-font-size\"><a href=\"https:\/\/academiasnash.com\/?page_id=631\" data-type=\"page\" data-id=\"631\">Ingeneria Informatica y ADE<\/a><\/li>\n\n\n\n<li class=\"has-medium-font-size\"><a href=\"https:\/\/academiasnash.com\/?page_id=633\" data-type=\"page\" data-id=\"251\">Marketing y Investigacion de Mercados<\/a><\/li>\n\n\n\n<li class=\"has-medium-font-size\"><a href=\"https:\/\/academiasnash.com\/?page_id=635\" data-type=\"page\" data-id=\"635\">Turismo<\/a><\/li>\n<\/ul>\n\n\n\n<p><\/p>\n<\/div><\/div>\n","protected":false},"excerpt":{"rendered":"<p>Haga clic en su curso para obtener m\u00e1s informaci\u00f3n sobre la programaci\u00f3n y las opciones disponibles. Todo los nuevos cursos empiezan el 29 abril 2024<\/p>\n","protected":false},"author":1,"featured_media":71,"parent":512,"menu_order":0,"comment_status":"closed","ping_status":"closed","template":"","meta":{"footnotes":""},"class_list":["post-467","page","type-page","status-publish","has-post-thumbnail"],"_links":{"self":[{"href":"https:\/\/academiasnash.com\/index.php?rest_route=\/wp\/v2\/pages\/467","targetHints":{"allow":["GET"]}}],"collection":[{"href":"https:\/\/academiasnash.com\/index.php?rest_route=\/wp\/v2\/pages"}],"about":[{"href":"https:\/\/academiasnash.com\/index.php?rest_route=\/wp\/v2\/types\/page"}],"author":[{"embeddable":true,"href":"https:\/\/academiasnash.com\/index.php?rest_route=\/wp\/v2\/users\/1"}],"replies":[{"embeddable":true,"href":"https:\/\/academiasnash.com\/index.php?rest_route=%2Fwp%2Fv2%2Fcomments&post=467"}],"version-history":[{"count":17,"href":"https:\/\/academiasnash.com\/index.php?rest_route=\/wp\/v2\/pages\/467\/revisions"}],"predecessor-version":[{"id":1067,"href":"https:\/\/academiasnash.com\/index.php?rest_route=\/wp\/v2\/pages\/467\/revisions\/1067"}],"up":[{"embeddable":true,"href":"https:\/\/academiasnash.com\/index.php?rest_route=\/wp\/v2\/pages\/512"}],"wp:featuredmedia":[{"embeddable":true,"href":"https:\/\/academiasnash.com\/index.php?rest_route=\/wp\/v2\/media\/71"}],"wp:attachment":[{"href":"https:\/\/academiasnash.com\/index.php?rest_route=%2Fwp%2Fv2%2Fmedia&parent=467"}],"curies":[{"name":"wp","href":"https:\/\/api.w.org\/{rel}","templated":true}]}}