{"id":463,"date":"2024-03-31T19:49:45","date_gmt":"2024-03-31T19:49:45","guid":{"rendered":"https:\/\/academiasnash.com\/?page_id=463"},"modified":"2024-04-28T11:58:53","modified_gmt":"2024-04-28T11:58:53","slug":"facultad-de-ciencias","status":"publish","type":"page","link":"https:\/\/academiasnash.com\/?page_id=463","title":{"rendered":"Granada &#8211; Facultad de Ciencias"},"content":{"rendered":"\n<p class=\"has-medium-font-size\"><strong>Haga clic en su curso para obtener m\u00e1s informaci\u00f3n sobre la programaci\u00f3n y las opciones disponibles.<\/strong><\/p>\n\n\n\n<p class=\"has-medium-font-size\"><strong>Todo los nuevos cursos empiezan el 29 abril 2024<\/strong><\/p>\n\n\n\n<ul class=\"wp-block-list\">\n<li class=\"has-medium-font-size\"><a href=\"https:\/\/academiasnash.com\/?page_id=475\" data-type=\"page\" data-id=\"359\">Biologia<\/a><\/li>\n\n\n\n<li class=\"has-medium-font-size\"><a href=\"https:\/\/academiasnash.com\/?page_id=361\" data-type=\"page\" data-id=\"213\">Bioquimica<\/a><\/li>\n\n\n\n<li class=\"has-medium-font-size\"><a href=\"https:\/\/academiasnash.com\/?page_id=502\" data-type=\"page\" data-id=\"502\">Biotecnologia<\/a><\/li>\n\n\n\n<li class=\"has-medium-font-size\"><a href=\"https:\/\/academiasnash.com\/?page_id=500\" data-type=\"page\" data-id=\"243\">Ciencias Ambientales<\/a><\/li>\n\n\n\n<li class=\"has-medium-font-size\"><a href=\"https:\/\/academiasnash.com\/?page_id=498\" data-type=\"page\" data-id=\"498\">Geologia<\/a><\/li>\n\n\n\n<li class=\"has-medium-font-size\"><a href=\"https:\/\/academiasnash.com\/?page_id=504\" data-type=\"page\" data-id=\"504\">Optica y Optometria<\/a><\/li>\n\n\n\n<li class=\"has-medium-font-size\"><a href=\"https:\/\/academiasnash.com\/?page_id=473\" data-type=\"page\" data-id=\"213\">Quimica<\/a><\/li>\n<\/ul>\n\n\n\n<p><\/p>\n","protected":false},"excerpt":{"rendered":"<p>Haga clic en su curso para obtener m\u00e1s informaci\u00f3n sobre la programaci\u00f3n y las opciones disponibles. Todo los nuevos cursos empiezan el 29 abril 2024<\/p>\n","protected":false},"author":1,"featured_media":62,"parent":512,"menu_order":0,"comment_status":"closed","ping_status":"closed","template":"","meta":{"footnotes":""},"class_list":["post-463","page","type-page","status-publish","has-post-thumbnail"],"_links":{"self":[{"href":"https:\/\/academiasnash.com\/index.php?rest_route=\/wp\/v2\/pages\/463","targetHints":{"allow":["GET"]}}],"collection":[{"href":"https:\/\/academiasnash.com\/index.php?rest_route=\/wp\/v2\/pages"}],"about":[{"href":"https:\/\/academiasnash.com\/index.php?rest_route=\/wp\/v2\/types\/page"}],"author":[{"embeddable":true,"href":"https:\/\/academiasnash.com\/index.php?rest_route=\/wp\/v2\/users\/1"}],"replies":[{"embeddable":true,"href":"https:\/\/academiasnash.com\/index.php?rest_route=%2Fwp%2Fv2%2Fcomments&post=463"}],"version-history":[{"count":14,"href":"https:\/\/academiasnash.com\/index.php?rest_route=\/wp\/v2\/pages\/463\/revisions"}],"predecessor-version":[{"id":1065,"href":"https:\/\/academiasnash.com\/index.php?rest_route=\/wp\/v2\/pages\/463\/revisions\/1065"}],"up":[{"embeddable":true,"href":"https:\/\/academiasnash.com\/index.php?rest_route=\/wp\/v2\/pages\/512"}],"wp:featuredmedia":[{"embeddable":true,"href":"https:\/\/academiasnash.com\/index.php?rest_route=\/wp\/v2\/media\/62"}],"wp:attachment":[{"href":"https:\/\/academiasnash.com\/index.php?rest_route=%2Fwp%2Fv2%2Fmedia&parent=463"}],"curies":[{"name":"wp","href":"https:\/\/api.w.org\/{rel}","templated":true}]}}