{"id":310,"date":"2024-03-31T14:34:19","date_gmt":"2024-03-31T14:34:19","guid":{"rendered":"https:\/\/academiasnash.com\/?page_id=310"},"modified":"2024-04-28T11:58:03","modified_gmt":"2024-04-28T11:58:03","slug":"facultad-de-ciencias-de-la-salud","status":"publish","type":"page","link":"https:\/\/academiasnash.com\/?page_id=310","title":{"rendered":"Malaga &#8211; Facultad de Ciencias de la Salud"},"content":{"rendered":"\n<div class=\"wp-block-group alignfull\"><div class=\"wp-block-group__inner-container is-layout-flow wp-block-group-is-layout-flow\">\n<p class=\"has-medium-font-size\"><strong>Haga clic en su curso para obtener m\u00e1s informaci\u00f3n sobre la programaci\u00f3n y las opciones disponibles.<\/strong><\/p>\n\n\n\n<p class=\"has-medium-font-size\"><strong>Todo los nuevos cursos empiezan el 29 abril 2024<\/strong><\/p>\n\n\n\n<ul class=\"wp-block-list\">\n<li class=\"has-medium-font-size\"><a href=\"https:\/\/academiasnash.com\/?page_id=385\" data-type=\"page\" data-id=\"385\">Enfermeria<\/a><\/li>\n\n\n\n<li class=\"has-medium-font-size\"><a href=\"https:\/\/academiasnash.com\/?page_id=388\" data-type=\"page\" data-id=\"388\">Fisioterapia<\/a><\/li>\n\n\n\n<li class=\"has-medium-font-size\"><a href=\"https:\/\/academiasnash.com\/?page_id=390\" data-type=\"page\" data-id=\"390\">Podologia<\/a><\/li>\n\n\n\n<li class=\"has-medium-font-size\"><a href=\"https:\/\/academiasnash.com\/?page_id=392\" data-type=\"page\" data-id=\"392\">Terapia Ocupacional<\/a><\/li>\n<\/ul>\n\n\n\n<p><\/p>\n<\/div><\/div>\n","protected":false},"excerpt":{"rendered":"<p>Haga clic en su curso para obtener m\u00e1s informaci\u00f3n sobre la programaci\u00f3n y las opciones disponibles. Todo los nuevos cursos empiezan el 29 abril 2024<\/p>\n","protected":false},"author":1,"featured_media":71,"parent":16,"menu_order":0,"comment_status":"closed","ping_status":"closed","template":"","meta":{"footnotes":""},"class_list":["post-310","page","type-page","status-publish","has-post-thumbnail"],"_links":{"self":[{"href":"https:\/\/academiasnash.com\/index.php?rest_route=\/wp\/v2\/pages\/310","targetHints":{"allow":["GET"]}}],"collection":[{"href":"https:\/\/academiasnash.com\/index.php?rest_route=\/wp\/v2\/pages"}],"about":[{"href":"https:\/\/academiasnash.com\/index.php?rest_route=\/wp\/v2\/types\/page"}],"author":[{"embeddable":true,"href":"https:\/\/academiasnash.com\/index.php?rest_route=\/wp\/v2\/users\/1"}],"replies":[{"embeddable":true,"href":"https:\/\/academiasnash.com\/index.php?rest_route=%2Fwp%2Fv2%2Fcomments&post=310"}],"version-history":[{"count":7,"href":"https:\/\/academiasnash.com\/index.php?rest_route=\/wp\/v2\/pages\/310\/revisions"}],"predecessor-version":[{"id":1063,"href":"https:\/\/academiasnash.com\/index.php?rest_route=\/wp\/v2\/pages\/310\/revisions\/1063"}],"up":[{"embeddable":true,"href":"https:\/\/academiasnash.com\/index.php?rest_route=\/wp\/v2\/pages\/16"}],"wp:featuredmedia":[{"embeddable":true,"href":"https:\/\/academiasnash.com\/index.php?rest_route=\/wp\/v2\/media\/71"}],"wp:attachment":[{"href":"https:\/\/academiasnash.com\/index.php?rest_route=%2Fwp%2Fv2%2Fmedia&parent=310"}],"curies":[{"name":"wp","href":"https:\/\/api.w.org\/{rel}","templated":true}]}}