{"id":16,"date":"2024-03-14T12:57:39","date_gmt":"2024-03-14T12:57:39","guid":{"rendered":"https:\/\/academiasnash.com\/?page_id=16"},"modified":"2024-03-31T20:34:16","modified_gmt":"2024-03-31T20:34:16","slug":"malaga","status":"publish","type":"page","link":"https:\/\/academiasnash.com\/?page_id=16","title":{"rendered":"Malaga"},"content":{"rendered":"\n<div class=\"wp-block-group alignfull\"><div class=\"wp-block-group__inner-container is-layout-flow wp-block-group-is-layout-flow\">\n<p class=\"has-medium-font-size\"><strong>Haga clic en el nombre de su universidad a continuaci\u00f3n para obtener m\u00e1s informaci\u00f3n sobre los cursos disponibles para ayudarlo con sus estudios:<\/strong><\/p>\n\n\n\n<ul class=\"wp-block-list\">\n<li class=\"has-medium-font-size\"><a href=\"https:\/\/academiasnash.com\/?page_id=308\" data-type=\"page\" data-id=\"308\">Facultad de Ciencias<\/a><\/li>\n\n\n\n<li class=\"has-medium-font-size\"><a href=\"https:\/\/academiasnash.com\/?page_id=310\" data-type=\"page\" data-id=\"310\">Facultad de Ciencias de la Salud<\/a><\/li>\n\n\n\n<li class=\"has-medium-font-size\"><a href=\"https:\/\/academiasnash.com\/?page_id=304\" data-type=\"page\" data-id=\"304\">Facultad de Comercio y Gestion<\/a><\/li>\n\n\n\n<li class=\"has-medium-font-size\"><a href=\"https:\/\/academiasnash.com\/?page_id=201\" data-type=\"page\" data-id=\"201\">Facultad de Economicas<\/a><\/li>\n\n\n\n<li class=\"has-medium-font-size\"><a href=\"https:\/\/academiasnash.com\/?page_id=312\" data-type=\"page\" data-id=\"312\">Facultad de Estudios Sociales y del Trabajo<\/a><\/li>\n\n\n\n<li class=\"has-medium-font-size\"><a href=\"https:\/\/academiasnash.com\/?page_id=306\" data-type=\"page\" data-id=\"306\">Facultad de Turismo<\/a><\/li>\n<\/ul>\n<\/div><\/div>\n","protected":false},"excerpt":{"rendered":"<p>Haga clic en el nombre de su universidad a continuaci\u00f3n para obtener m\u00e1s informaci\u00f3n sobre los cursos disponibles para ayudarlo con sus estudios:<\/p>\n","protected":false},"author":1,"featured_media":71,"parent":22,"menu_order":0,"comment_status":"closed","ping_status":"closed","template":"","meta":{"footnotes":""},"class_list":["post-16","page","type-page","status-publish","has-post-thumbnail"],"_links":{"self":[{"href":"https:\/\/academiasnash.com\/index.php?rest_route=\/wp\/v2\/pages\/16","targetHints":{"allow":["GET"]}}],"collection":[{"href":"https:\/\/academiasnash.com\/index.php?rest_route=\/wp\/v2\/pages"}],"about":[{"href":"https:\/\/academiasnash.com\/index.php?rest_route=\/wp\/v2\/types\/page"}],"author":[{"embeddable":true,"href":"https:\/\/academiasnash.com\/index.php?rest_route=\/wp\/v2\/users\/1"}],"replies":[{"embeddable":true,"href":"https:\/\/academiasnash.com\/index.php?rest_route=%2Fwp%2Fv2%2Fcomments&post=16"}],"version-history":[{"count":29,"href":"https:\/\/academiasnash.com\/index.php?rest_route=\/wp\/v2\/pages\/16\/revisions"}],"predecessor-version":[{"id":510,"href":"https:\/\/academiasnash.com\/index.php?rest_route=\/wp\/v2\/pages\/16\/revisions\/510"}],"up":[{"embeddable":true,"href":"https:\/\/academiasnash.com\/index.php?rest_route=\/wp\/v2\/pages\/22"}],"wp:featuredmedia":[{"embeddable":true,"href":"https:\/\/academiasnash.com\/index.php?rest_route=\/wp\/v2\/media\/71"}],"wp:attachment":[{"href":"https:\/\/academiasnash.com\/index.php?rest_route=%2Fwp%2Fv2%2Fmedia&parent=16"}],"curies":[{"name":"wp","href":"https:\/\/api.w.org\/{rel}","templated":true}]}}