{"id":1076,"date":"2024-10-01T16:39:59","date_gmt":"2024-10-01T16:39:59","guid":{"rendered":"https:\/\/academiasnash.com\/?page_id=1076"},"modified":"2026-05-08T09:59:33","modified_gmt":"2026-05-08T09:59:33","slug":"cursos-de-ingles","status":"publish","type":"page","link":"https:\/\/academiasnash.com\/?page_id=1076","title":{"rendered":"Cursos de Ingles y Franc\u00e9s"},"content":{"rendered":"\n<div class=\"wp-block-group\"><div class=\"wp-block-group__inner-container is-layout-constrained wp-block-group-is-layout-constrained\">\n<p><strong>Curso intensivo de ingl\u00e9s y franc\u00e9s B1, B2, C1 y C2 (Cambridge)\u2013 Verano 2026<br><\/strong><strong>Del 15 de julio al 15 de septiembre<\/strong><\/p>\n\n\n\n<p>\u2e3b<\/p>\n\n\n\n<p>Clases de ingl\u00e9s y franc\u00e9s en grupos reducidos, enfocadas a la preparaci\u00f3n de ex\u00e1menes oficiales de Cambridge (B1, B2, C1 y C2).<\/p>\n\n\n\n<p><strong>Trabajamos todas las partes del examen:<br><\/strong>Reading\/lire, writing\/\u00e9crire, listening\/\u00e9couter y speaking\/parler, con un enfoque pr\u00e1ctico y orientado a resultados.<\/p>\n\n\n\n<p>Profesores nativos y con experiencia en preparaci\u00f3n de ex\u00e1menes oficiales.<\/p>\n\n\n\n<p><strong>\ud83d\udc49 4 horas semanales de clase durante todo el curso<\/strong><\/p>\n<\/div><\/div>\n\n\n\n<div class=\"wp-block-buttons is-content-justification-center is-layout-flex wp-container-core-buttons-is-layout-16018d1d wp-block-buttons-is-layout-flex\">\n<div class=\"wp-block-button\"><a class=\"wp-block-button__link wp-element-button\" href=\"https:\/\/docs.google.com\/forms\/d\/e\/1FAIpQLScUQPMDGnV4igxmGGfF6BFoovEAbhOnMnlboro0pxNl0pKr_A\/viewform?embedded=true\" target=\"_blank\">\ud83d\udc49 Quiero informaci\u00f3n<\/a><\/div>\n<\/div>\n\n\n\n<div class=\"wp-block-group\"><div class=\"wp-block-group__inner-container is-layout-constrained wp-block-group-is-layout-constrained\">\n<p>\u2e3b<\/p>\n\n\n\n<p><strong>C\u00d3MO FUNCIONA<br><\/strong>\u2022 Clases en directo v\u00eda Zoom<br>\u2022 Todas las clases quedan grabadas<br>\u2022 Puedes verlas en cualquier momento, tanto si asistes como si no<br>\u2022 Acceso al material y grabaciones durante todo el curso, hasta el examen<\/p>\n\n\n\n<p>\u2e3b<\/p>\n\n\n\n<p>PRECIO<\/p>\n\n\n\n<p>Precio total: 190 \u20ac<br>(2 cuotas de 95 \u20ac)<\/p>\n\n\n\n<p>\ud83d\udc49 Incluye 4 horas semanales de clase<\/p>\n\n\n\n<p>\u2e3b<\/p>\n\n\n\n<div class=\"wp-block-buttons is-content-justification-center is-layout-flex wp-container-core-buttons-is-layout-16018d1d wp-block-buttons-is-layout-flex\">\n<div class=\"wp-block-button\"><a class=\"wp-block-button__link wp-element-button\" href=\"https:\/\/docs.google.com\/forms\/d\/e\/1FAIpQLScUQPMDGnV4igxmGGfF6BFoovEAbhOnMnlboro0pxNl0pKr_A\/viewform?embedded=true\" target=\"_blank\">\ud83d\udc49 Quiero informaci\u00f3n<\/a><\/div>\n<\/div>\n\n\n\n<p><br>\n<p>\u2e3b<\/p><\/p>\n\n\n\n<p><strong>Plazas muy limitadas por grupo.<\/strong><\/p>\n\n\n\n<p><strong>Te contactaremos por WhatsApp para darte toda la informaci\u00f3n y organizar tu incorporaci\u00f3n.<\/strong><\/p>\n<\/div><\/div>\n","protected":false},"excerpt":{"rendered":"<p>Curso intensivo de ingl\u00e9s y franc\u00e9s B1, B2, C1 y C2 (Cambridge)\u2013 Verano 2026Del 15 de julio al 15 de septiembre \u2e3b Clases de ingl\u00e9s y franc\u00e9s en grupos reducidos, enfocadas a la preparaci\u00f3n de ex\u00e1menes oficiales de Cambridge (B1, B2, C1 y C2). Trabajamos todas las partes del examen:Reading\/lire, writing\/\u00e9crire, listening\/\u00e9couter y speaking\/parler, con &#8230; <a title=\"Cursos de Ingles y Franc\u00e9s\" class=\"read-more\" href=\"https:\/\/academiasnash.com\/?page_id=1076\" aria-label=\"Read more about Cursos de Ingles y Franc\u00e9s\">Read more<\/a><\/p>\n","protected":false},"author":1,"featured_media":0,"parent":0,"menu_order":0,"comment_status":"closed","ping_status":"closed","template":"","meta":{"footnotes":""},"class_list":["post-1076","page","type-page","status-publish"],"_links":{"self":[{"href":"https:\/\/academiasnash.com\/index.php?rest_route=\/wp\/v2\/pages\/1076","targetHints":{"allow":["GET"]}}],"collection":[{"href":"https:\/\/academiasnash.com\/index.php?rest_route=\/wp\/v2\/pages"}],"about":[{"href":"https:\/\/academiasnash.com\/index.php?rest_route=\/wp\/v2\/types\/page"}],"author":[{"embeddable":true,"href":"https:\/\/academiasnash.com\/index.php?rest_route=\/wp\/v2\/users\/1"}],"replies":[{"embeddable":true,"href":"https:\/\/academiasnash.com\/index.php?rest_route=%2Fwp%2Fv2%2Fcomments&post=1076"}],"version-history":[{"count":14,"href":"https:\/\/academiasnash.com\/index.php?rest_route=\/wp\/v2\/pages\/1076\/revisions"}],"predecessor-version":[{"id":1101,"href":"https:\/\/academiasnash.com\/index.php?rest_route=\/wp\/v2\/pages\/1076\/revisions\/1101"}],"wp:attachment":[{"href":"https:\/\/academiasnash.com\/index.php?rest_route=%2Fwp%2Fv2%2Fmedia&parent=1076"}],"curies":[{"name":"wp","href":"https:\/\/api.w.org\/{rel}","templated":true}]}}